{"id":5094,"date":"2016-08-30T06:50:08","date_gmt":"2016-08-30T06:50:08","guid":{"rendered":"https:\/\/vjic.org\/vjic2\/?page_id=5094"},"modified":"2016-09-05T08:04:53","modified_gmt":"2016-09-05T08:04:53","slug":"2-dana","status":"publish","type":"page","link":"https:\/\/vjic.org\/vjic2\/?page_id=5094","title":{"rendered":"Dana Sochorova\u0301: Impractical Woman"},"content":{"rendered":"<p><span style=\"font-size: 10pt;\"><a href=\"https:\/\/vjic.org\/\"><em>Return to Table of Content<\/em><\/a><br \/>\n<\/span><\/p>\n<div id=\"attachment_5051\" style=\"width: 650px\" class=\"wp-caption alignnone\"><a href=\"https:\/\/vjic.org\/vjic2\/wp-content\/uploads\/2016\/08\/impractical_woman_kor-1-5.jpg\"><img loading=\"lazy\" decoding=\"async\" aria-describedby=\"caption-attachment-5051\" class=\"wp-image-5051 size-large\" src=\"https:\/\/vjic.org\/vjic2\/wp-content\/uploads\/2016\/08\/impractical_woman_kor-1-5-1024x728.jpg\" alt=\"\u00a9 Dana Sochorova\u0301\" width=\"640\" height=\"455\" srcset=\"https:\/\/vjic.org\/vjic2\/wp-content\/uploads\/2016\/08\/impractical_woman_kor-1-5-1024x728.jpg 1024w, https:\/\/vjic.org\/vjic2\/wp-content\/uploads\/2016\/08\/impractical_woman_kor-1-5-150x107.jpg 150w, https:\/\/vjic.org\/vjic2\/wp-content\/uploads\/2016\/08\/impractical_woman_kor-1-5-300x213.jpg 300w, https:\/\/vjic.org\/vjic2\/wp-content\/uploads\/2016\/08\/impractical_woman_kor-1-5-768x546.jpg 768w\" sizes=\"auto, (max-width: 640px) 100vw, 640px\" \/><\/a><p id=\"caption-attachment-5051\" class=\"wp-caption-text\">\u00a9 Dana Sochorova\u0301<\/p><\/div>\n<p><em><span style=\"font-size: 10pt;\">Dana Sochorov\u00e1 is an artist from Slovakia. She was born in 1962 in Liptovsk\u00fd Mikul\u00e1\u0161.She studied at the Academy of Fine Art and Design in Bratislava, in the Departments of Painting (1991-1997) and the Graphic Design (1992-1994). In recent years she has been working on a long term time-lapse project which also forms a part of her PhD study at the Academy of Fine Art and Design. This project is still in progress. She exhibited her work widely in solo and group exhibitions in Slovakia and abroad. She also taught art at all levels from primary school to university.<\/span><\/em><\/p>\n<p>&nbsp;<\/p>\n<p><span style=\"font-size: 10pt;\"><strong>Project Description English: (Slovakian: below)<\/strong><em><br \/>\n<\/em>The long term time-lapse project, part of which I\u00a0present here, consists of recording everyday events and situations documented in the passage of time with the intention to show life in its unstoppable flow. Although the narrative in the background is personal, it also has a universal validity.<\/span><\/p>\n<p><span style=\"font-size: 10pt;\">The beginning of this project is connected to the birth of my daughter (in 2002) and it is still ongoing. Its main part consists of my responses to the actual realities of life with my child, recording, documenting, archiving, ordering them and eventually presenting them. This part of the project involved intense experiece of the first years of life with my child and an effort to mediate the experience of seeing life through her eyes, her spontaneity. Everything we have grown out of, what has faded away.<\/span><\/p>\n<div id=\"attachment_5069\" style=\"width: 310px\" class=\"wp-caption alignleft\"><a href=\"https:\/\/vjic.org\/vjic2\/wp-content\/uploads\/2016\/08\/mag-covers-300.jpg\"><img loading=\"lazy\" decoding=\"async\" aria-describedby=\"caption-attachment-5069\" class=\"wp-image-5069 size-medium\" src=\"https:\/\/vjic.org\/vjic2\/wp-content\/uploads\/2016\/08\/mag-covers-300-300x200.jpg\" alt=\"\u00a9 Dana Sochorova\u0301\" width=\"300\" height=\"200\" srcset=\"https:\/\/vjic.org\/vjic2\/wp-content\/uploads\/2016\/08\/mag-covers-300.jpg 300w, https:\/\/vjic.org\/vjic2\/wp-content\/uploads\/2016\/08\/mag-covers-300-150x100.jpg 150w\" sizes=\"auto, (max-width: 300px) 100vw, 300px\" \/><\/a><p id=\"caption-attachment-5069\" class=\"wp-caption-text\">\u00a9 Dana Sochorova\u0301<\/p><\/div>\n<p><span style=\"font-size: 10pt;\">In the following years the project developed and branched into other themes and cycles. More recently it has involved the processing and developing themes of private life within further cycles (e.g. Time and Reality, Impractical Woman, Images of Reality, Reconstructions, To Mum with Love), observing continuity in the passage of time \u2013 the present but also the past (family memory, personal history).<br \/>\n<\/span><\/p>\n<p><span style=\"font-size: 10pt;\">My point of departure is my personal experience of motherhood and the inevitability of performing the role of a woman \u2013 mother. I work with various themes of everyday life, family, and personal situation, mainly from the point of view of gender and determination by it. I\u00a0respond to traditional customs and stereotypes with the intention of disrupting them and re-evaluating them. It means questioning the established idea of a natural feminine aptitude to cope with activities connected with the role of a woman and mother and pointing out the ambivalence between this role and creative needs.<\/span><\/p>\n<p><span style=\"font-size: 10pt;\">One of the themes I work with is the role of a woman as a home builder and a food provider. A cycle of works with a dual title Evidence of Ability and Images of Incompetence is a polemic about the generally established idea that woman have a natural, innate ability to master these activities, and with the tendency to rate her on the basis of the standard of her mastering these skills.<\/span><\/p>\n<div id=\"attachment_5072\" style=\"width: 220px\" class=\"wp-caption alignleft\"><a href=\"https:\/\/vjic.org\/vjic2\/wp-content\/uploads\/2016\/08\/Women_Cover-p._01.jpg\"><img loading=\"lazy\" decoding=\"async\" aria-describedby=\"caption-attachment-5072\" class=\"wp-image-5072 size-medium\" src=\"https:\/\/vjic.org\/vjic2\/wp-content\/uploads\/2016\/08\/Women_Cover-p._01-210x300.jpg\" alt=\"\u00a9 Dana Sochorova\u0301\" width=\"210\" height=\"300\" srcset=\"https:\/\/vjic.org\/vjic2\/wp-content\/uploads\/2016\/08\/Women_Cover-p._01-210x300.jpg 210w, https:\/\/vjic.org\/vjic2\/wp-content\/uploads\/2016\/08\/Women_Cover-p._01-105x150.jpg 105w, https:\/\/vjic.org\/vjic2\/wp-content\/uploads\/2016\/08\/Women_Cover-p._01-768x1097.jpg 768w, https:\/\/vjic.org\/vjic2\/wp-content\/uploads\/2016\/08\/Women_Cover-p._01-717x1024.jpg 717w, https:\/\/vjic.org\/vjic2\/wp-content\/uploads\/2016\/08\/Women_Cover-p._01.jpg 1654w\" sizes=\"auto, (max-width: 210px) 100vw, 210px\" \/><\/a><p id=\"caption-attachment-5072\" class=\"wp-caption-text\">\u00a9 Dana Sochorova\u0301<\/p><\/div>\n<p><span style=\"font-size: 10pt;\">A part of this thematic series is an event &#8211; finalising the project Impractical Woman \u2013 which includes the publication of a magazine with an identical title and subsequent confrontation of it with various situations in everyday life, like placing it among other women\u2019s magazines in a newspaper kiosk, at the railway station etc. This work was inspired by the publication of numerous women\u2019s magazines presenting the image of a perfect woman and giving advice how to master various aspects of the female role.<\/span><\/p>\n<p><span style=\"font-size: 10pt;\">I\u2019m using gentle irony with this subject and I provide a picture of personal failure in this role, and also of the beauty which can be found in it (cycle Impractical Woman \/ Associations).<\/span><\/p>\n<p><span style=\"font-size: 10pt;\">The tiresome routine everyday activities are represented in the cycle Dishwasher (May 28, 2012 \u2013 May 28,2013) as a photographic record of daily activity totalling 365 photographs, one from every day, dated and timed.<\/span><\/p>\n<p><span style=\"font-size: 10pt;\">A series of photographs Image of the Kitchen Window captures the changes in the nature ouside in a short period of time and is a representation of the opposite pole to the tiresome domestic activity. And last but not least, of the need to escape it.<\/span><\/p>\n<p><strong>Slovakian:<\/strong><br \/>\n<span style=\"font-size: 10pt;\">Dlhodob\u00fd \u010dasozbern\u00fd projekt, ktor\u00e9ho \u010das\u0165 prezentujem, predstavuje z\u00e1znamy ka\u017edodenn\u00fdch udalost\u00ed a\u00a0situ\u00e1ci\u00ed dokumentovan\u00fdch v\u00a0priebehu \u010dasu so z\u00e1merom zobrazi\u0165 \u017eivot v jeho nezadr\u017eate\u013enom plynut\u00ed, \u010do sa deje s\u00edce na pozad\u00ed individu\u00e1lneho pr\u00edbehu, ale je aj v\u0161eobecn\u00e9, univerz\u00e1lne.<\/span><\/p>\n<p><span style=\"font-size: 10pt;\">Za\u010diatok projektu sa via\u017ee k\u00a0narodeniu mojej dc\u00e9ry (2002) a\u00a0trv\u00e1 doteraz. Jeho kme\u0148ov\u00fa \u010das\u0165 tvor\u00ed reagovanie na aktu\u00e1lne \u017eit\u00fd vlastn\u00fd \u017eivot s die\u0165a\u0165om, jeho zaznamen\u00e1vanie, dokumentovanie, archivovanie, zora\u010fovanie a\u00a0n\u00e1sledn\u00e9 prezentovanie. T\u00e1to \u010das\u0165 projektu sa via\u017ee k\u00a0intenz\u00edvnemu pre\u017e\u00edvaniu prv\u00fdch rokov \u017eivota s\u00a0die\u0165a\u0165om a\u00a0snahu o sprostredkovanie z\u00e1\u017eitku z jeho vn\u00edmania sveta \u2013 predstavuje vn\u00edmanie \u017eivota z\u00a0poh\u013eadu die\u0165a\u0165a &#8211; z bezprostredn\u00e9ho detsk\u00e9ho poh\u013eadu, spont\u00e1nnos\u0165. V\u0161etko, z\u00a0\u010doho sme vyr\u00e1stli, od \u010doho sme sa vzdialili.<\/span><\/p>\n<div id=\"attachment_5039\" style=\"width: 310px\" class=\"wp-caption alignleft\"><a href=\"https:\/\/vjic.org\/vjic2\/wp-content\/uploads\/2016\/08\/D.Sochorova\u0301_-Impractical-Women-event_Newspaper-kiosk_IMG_2444.jpg\"><img loading=\"lazy\" decoding=\"async\" aria-describedby=\"caption-attachment-5039\" class=\"wp-image-5039 size-medium\" src=\"https:\/\/vjic.org\/vjic2\/wp-content\/uploads\/2016\/08\/D.Sochorova\u0301_-Impractical-Women-event_Newspaper-kiosk_IMG_2444-300x200.jpg\" alt=\"Newspaper-kiosk\" width=\"300\" height=\"200\" srcset=\"https:\/\/vjic.org\/vjic2\/wp-content\/uploads\/2016\/08\/D.Sochorova\u0301_-Impractical-Women-event_Newspaper-kiosk_IMG_2444-300x200.jpg 300w, https:\/\/vjic.org\/vjic2\/wp-content\/uploads\/2016\/08\/D.Sochorova\u0301_-Impractical-Women-event_Newspaper-kiosk_IMG_2444-150x100.jpg 150w, https:\/\/vjic.org\/vjic2\/wp-content\/uploads\/2016\/08\/D.Sochorova\u0301_-Impractical-Women-event_Newspaper-kiosk_IMG_2444-768x512.jpg 768w, https:\/\/vjic.org\/vjic2\/wp-content\/uploads\/2016\/08\/D.Sochorova\u0301_-Impractical-Women-event_Newspaper-kiosk_IMG_2444-1024x683.jpg 1024w\" sizes=\"auto, (max-width: 300px) 100vw, 300px\" \/><\/a><p id=\"caption-attachment-5039\" class=\"wp-caption-text\">\u00a9 Dana Sochorova\u0301<\/p><\/div>\n<p><span style=\"font-size: 10pt;\">V\u00a0\u010fal\u0161\u00edch rokoch sa projekt rozv\u00edjal a\u00a0rozvetvoval do \u010fal\u0161\u00edch t\u00e9m a\u00a0cyklov. V\u00a0poslednom \u010dase je to spracov\u00e1vanie a\u00a0rozv\u00edjanie t\u00e9m s\u00fakromia v\u00a0\u010fal\u0161\u00edch cykloch (\u010cas a\u00a0skuto\u010dnos\u0165, Nepraktick\u00e1 \u017eena, Obrazy skuto\u010dnosti, Rekon\u0161trukcie, Mame z\u00a0l\u00e1sky&#8230;), sledovanie kontinuity, plynutia v \u010dase &#8211; v s\u00fa\u010dasnosti, ale aj v minulosti (pam\u00e4\u0165 rodiny, osobn\u00e1 hist\u00f3ria).<\/span><\/p>\n<p><span style=\"font-size: 10pt;\">Vych\u00e1dzam z osobnej sk\u00fasenosti materstva a\u00a0nevyhnutnosti fungovania v\u00a0roli \u017eeny \u2013 matky. Zaober\u00e1m sa viacer\u00fdmi t\u00e9mami ka\u017edodenn\u00e9ho \u017eivota, rodiny a\u00a0osobnej situ\u00e1cie preva\u017ene z\u00a0poh\u013eadu rodu a\u00a0determin\u00e1cie n\u00edm. Reagujem na za\u017eit\u00e9 konvencie a stereotypy so z\u00e1merom naru\u0161i\u0165 ich a prehodnoti\u0165. Ide o\u00a0spochybnenie zau\u017e\u00edvanej predstavy o\u00a0prirodzenej schopnosti \u017eeny zvl\u00e1dnu\u0165 \u010dinnosti s\u00favisiace s\u00a0rolou \u017eeny &#8211; a matky, a\u00a0tie\u017e pouk\u00e1zanie na ambivalenciu medzi touto rolou a\u00a0tvorivou potrebou.<\/span><\/p>\n<p><span style=\"font-size: 10pt;\">Jednou z\u00a0t\u00e9m, s\u00a0ktor\u00fdmi pracujem je reagovanie na rolu \u017eeny ako\u00a0udr\u017eiavate\u013eky domova a poskytovate\u013eky potravy. Cyklus pr\u00e1c so zdvojen\u00fdm n\u00e1zvom: Ka\u017edodenn\u00e9 diela alebo D\u00f4kazy schopnosti a\u00a0Obrazy neschopnosti polemizuje so v\u0161eobecne zau\u017e\u00edvanou predstavou o\u00a0prirodzenej, vrodenej schopnosti \u017eeny ovl\u00e1da\u0165 tieto \u010dinnosti a\u00a0posudzovanie jej hodnoty na z\u00e1klade \u00farovne zvl\u00e1dnutia t\u00fdchto zru\u010dnost\u00ed.<\/span><\/p>\n<p><span style=\"font-size: 10pt;\">S\u00fa\u010das\u0165ou tohto tematick\u00e9ho celku je akcia \u2013 zav\u0155\u0161enie projektu Nepraktick\u00e1 \u017eena \u2013 vr\u00e1tane vydania \u010dasopisu s\u00a0rovnak\u00fdm n\u00e1zvom a\u00a0jeho n\u00e1sledn\u00e1 konfront\u00e1cia v\u00a0r\u00f4znych situ\u00e1ci\u00e1ch be\u017en\u00e9ho \u017eivota \u2013 umiestnenie medzi in\u00e9 \u017eensk\u00e9 \u010dasopisy v\u00a0novinovom st\u00e1nku, na stanici, a pod. Pr\u00e1ca je in\u0161pirovan\u00e1 mno\u017estvom vyd\u00e1van\u00fdch \u017eensk\u00fdch \u010dasopisov prezentuj\u00facich\u00a0obraz dokonalej \u017eeny a\u00a0poskytuj\u00facich rady k zvl\u00e1dnutiu r\u00f4znych str\u00e1nok \u017eenskej \u00falohy.<\/span><\/p>\n<p><span style=\"font-size: 10pt;\">T\u00fato oblas\u0165 jemne ironizujem a\u00a0poskytujem obraz osobn\u00e9ho zlyh\u00e1vania v\u00a0tejto roli a\u00a0aj kr\u00e1su, ktor\u00fa je mo\u017en\u00e9 v\u00a0\u0148om uvidie\u0165 (Cyklus Nepraktick\u00e1 \u017eena \/ Asoci\u00e1cie).<\/span><\/p>\n<p><span style=\"font-size: 10pt;\">\u00danavn\u00fa rutinu ka\u017edodenn\u00fdch \u010dinnost\u00ed predstavuje Cyklus Um\u00fdva\u010dka (28.5.2012 &#8211; 28. 5.2013) &#8211; fotografick\u00e9 z\u00e1znamy dennej \u010dinnosti v\u00a0po\u010dte 365 fotografi\u00ed z\u00a0ka\u017ed\u00e9ho d\u0148a s\u00a0d\u00e1tumom a\u00a0\u010dasovan\u00edm.<\/span><\/p>\n<p><span style=\"font-size: 10pt;\">S\u00e9ria fotografi\u00ed Obraz kuchynsk\u00e9ho okna je zachyten\u00edm vonkaj\u0161\u00edch pr\u00edrodn\u00fdch zmien v\u00a0priebehu kr\u00e1tkeho \u010dasov\u00e9ho \u00faseku a vyjadren\u00edm opa\u010dn\u00e9ho p\u00f3lu \u00famornej dom\u00e1cej \u010dinnosti. V\u00a0neposlednom rade aj potrebou unikn\u00fa\u0165 z\u00a0nej.<\/span><\/p>\n<p>&nbsp;<\/p>\n<p><iframe loading=\"lazy\" src=\"https:\/\/player.vimeo.com\/video\/180571314\" width=\"640\" height=\"360\" frameborder=\"0\" allowfullscreen=\"allowfullscreen\"><\/iframe><\/p>\n<p>&nbsp;<\/p>\n<p>&nbsp;<\/p>\n<div id=\"attachment_5055\" style=\"width: 650px\" class=\"wp-caption alignnone\"><a href=\"https:\/\/vjic.org\/vjic2\/wp-content\/uploads\/2016\/08\/impractical_woman_kor-2-1-1.jpg\"><img loading=\"lazy\" decoding=\"async\" aria-describedby=\"caption-attachment-5055\" class=\"wp-image-5055 size-large\" src=\"https:\/\/vjic.org\/vjic2\/wp-content\/uploads\/2016\/08\/impractical_woman_kor-2-1-1-1024x728.jpg\" alt=\"\u00a9 Dana Sochorova\u0301\" width=\"640\" height=\"455\" srcset=\"https:\/\/vjic.org\/vjic2\/wp-content\/uploads\/2016\/08\/impractical_woman_kor-2-1-1-1024x728.jpg 1024w, https:\/\/vjic.org\/vjic2\/wp-content\/uploads\/2016\/08\/impractical_woman_kor-2-1-1-150x107.jpg 150w, https:\/\/vjic.org\/vjic2\/wp-content\/uploads\/2016\/08\/impractical_woman_kor-2-1-1-300x213.jpg 300w, https:\/\/vjic.org\/vjic2\/wp-content\/uploads\/2016\/08\/impractical_woman_kor-2-1-1-768x546.jpg 768w\" sizes=\"auto, (max-width: 640px) 100vw, 640px\" \/><\/a><p id=\"caption-attachment-5055\" class=\"wp-caption-text\">\u00a9 Dana Sochorova\u0301<\/p><\/div>\n<div id=\"attachment_5056\" style=\"width: 650px\" class=\"wp-caption alignnone\"><a href=\"https:\/\/vjic.org\/vjic2\/wp-content\/uploads\/2016\/08\/impractical_woman_kor-3-1.jpg\"><img loading=\"lazy\" decoding=\"async\" aria-describedby=\"caption-attachment-5056\" class=\"wp-image-5056 size-large\" src=\"https:\/\/vjic.org\/vjic2\/wp-content\/uploads\/2016\/08\/impractical_woman_kor-3-1-1024x728.jpg\" alt=\"impractical_woman_Angl.cdr\" width=\"640\" height=\"455\" srcset=\"https:\/\/vjic.org\/vjic2\/wp-content\/uploads\/2016\/08\/impractical_woman_kor-3-1-1024x728.jpg 1024w, https:\/\/vjic.org\/vjic2\/wp-content\/uploads\/2016\/08\/impractical_woman_kor-3-1-150x107.jpg 150w, https:\/\/vjic.org\/vjic2\/wp-content\/uploads\/2016\/08\/impractical_woman_kor-3-1-300x213.jpg 300w, https:\/\/vjic.org\/vjic2\/wp-content\/uploads\/2016\/08\/impractical_woman_kor-3-1-768x546.jpg 768w\" sizes=\"auto, (max-width: 640px) 100vw, 640px\" \/><\/a><p id=\"caption-attachment-5056\" class=\"wp-caption-text\">\u00a9 Dana Sochorova\u0301<\/p><\/div>\n<div id=\"attachment_5058\" style=\"width: 650px\" class=\"wp-caption alignnone\"><a href=\"https:\/\/vjic.org\/vjic2\/wp-content\/uploads\/2016\/08\/impractical_woman_kor-4-1.jpg\"><img loading=\"lazy\" decoding=\"async\" aria-describedby=\"caption-attachment-5058\" class=\"wp-image-5058 size-large\" src=\"https:\/\/vjic.org\/vjic2\/wp-content\/uploads\/2016\/08\/impractical_woman_kor-4-1-1024x728.jpg\" alt=\"\u00a9 Dana Sochorova\u0301\" width=\"640\" height=\"455\" srcset=\"https:\/\/vjic.org\/vjic2\/wp-content\/uploads\/2016\/08\/impractical_woman_kor-4-1-1024x728.jpg 1024w, https:\/\/vjic.org\/vjic2\/wp-content\/uploads\/2016\/08\/impractical_woman_kor-4-1-150x107.jpg 150w, https:\/\/vjic.org\/vjic2\/wp-content\/uploads\/2016\/08\/impractical_woman_kor-4-1-300x213.jpg 300w, https:\/\/vjic.org\/vjic2\/wp-content\/uploads\/2016\/08\/impractical_woman_kor-4-1-768x546.jpg 768w\" sizes=\"auto, (max-width: 640px) 100vw, 640px\" \/><\/a><p id=\"caption-attachment-5058\" class=\"wp-caption-text\">\u00a9 Dana Sochorova\u0301<\/p><\/div>\n<div id=\"attachment_5060\" style=\"width: 650px\" class=\"wp-caption alignnone\"><a href=\"https:\/\/vjic.org\/vjic2\/wp-content\/uploads\/2016\/08\/impractical_woman_kor-5-1-1.jpg\"><img loading=\"lazy\" decoding=\"async\" aria-describedby=\"caption-attachment-5060\" class=\"wp-image-5060 size-large\" src=\"https:\/\/vjic.org\/vjic2\/wp-content\/uploads\/2016\/08\/impractical_woman_kor-5-1-1-1024x728.jpg\" alt=\"\u00a9 Dana Sochorova\u0301\" width=\"640\" height=\"455\" srcset=\"https:\/\/vjic.org\/vjic2\/wp-content\/uploads\/2016\/08\/impractical_woman_kor-5-1-1-1024x728.jpg 1024w, https:\/\/vjic.org\/vjic2\/wp-content\/uploads\/2016\/08\/impractical_woman_kor-5-1-1-150x107.jpg 150w, https:\/\/vjic.org\/vjic2\/wp-content\/uploads\/2016\/08\/impractical_woman_kor-5-1-1-300x213.jpg 300w, https:\/\/vjic.org\/vjic2\/wp-content\/uploads\/2016\/08\/impractical_woman_kor-5-1-1-768x546.jpg 768w\" sizes=\"auto, (max-width: 640px) 100vw, 640px\" \/><\/a><p id=\"caption-attachment-5060\" class=\"wp-caption-text\">\u00a9 Dana Sochorova\u0301<\/p><\/div>\n<div id=\"attachment_5062\" style=\"width: 650px\" class=\"wp-caption alignnone\"><a href=\"https:\/\/vjic.org\/vjic2\/wp-content\/uploads\/2016\/08\/impractical_woman_kor-6-2.jpg\"><img loading=\"lazy\" decoding=\"async\" aria-describedby=\"caption-attachment-5062\" class=\"wp-image-5062 size-large\" src=\"https:\/\/vjic.org\/vjic2\/wp-content\/uploads\/2016\/08\/impractical_woman_kor-6-2-1024x728.jpg\" alt=\"\u00a9 Dana Sochorova\u0301\" width=\"640\" height=\"455\" srcset=\"https:\/\/vjic.org\/vjic2\/wp-content\/uploads\/2016\/08\/impractical_woman_kor-6-2-1024x728.jpg 1024w, https:\/\/vjic.org\/vjic2\/wp-content\/uploads\/2016\/08\/impractical_woman_kor-6-2-150x107.jpg 150w, https:\/\/vjic.org\/vjic2\/wp-content\/uploads\/2016\/08\/impractical_woman_kor-6-2-300x213.jpg 300w, https:\/\/vjic.org\/vjic2\/wp-content\/uploads\/2016\/08\/impractical_woman_kor-6-2-768x546.jpg 768w\" sizes=\"auto, (max-width: 640px) 100vw, 640px\" \/><\/a><p id=\"caption-attachment-5062\" class=\"wp-caption-text\">\u00a9 Dana Sochorova\u0301<\/p><\/div>\n<div id=\"attachment_5063\" style=\"width: 650px\" class=\"wp-caption alignleft\"><a href=\"https:\/\/vjic.org\/vjic2\/wp-content\/uploads\/2016\/08\/impractical_woman_kor-7.jpg\"><img loading=\"lazy\" decoding=\"async\" aria-describedby=\"caption-attachment-5063\" class=\"size-large wp-image-5063\" src=\"https:\/\/vjic.org\/vjic2\/wp-content\/uploads\/2016\/08\/impractical_woman_kor-7-1024x728.jpg\" alt=\"\u00a9 Dana Sochorova\u0301\" width=\"640\" height=\"455\" srcset=\"https:\/\/vjic.org\/vjic2\/wp-content\/uploads\/2016\/08\/impractical_woman_kor-7-1024x728.jpg 1024w, https:\/\/vjic.org\/vjic2\/wp-content\/uploads\/2016\/08\/impractical_woman_kor-7-150x107.jpg 150w, https:\/\/vjic.org\/vjic2\/wp-content\/uploads\/2016\/08\/impractical_woman_kor-7-300x213.jpg 300w, https:\/\/vjic.org\/vjic2\/wp-content\/uploads\/2016\/08\/impractical_woman_kor-7-768x546.jpg 768w\" sizes=\"auto, (max-width: 640px) 100vw, 640px\" \/><\/a><p id=\"caption-attachment-5063\" class=\"wp-caption-text\">\u00a9 Dana Sochorova\u0301<\/p><\/div>\n<p>&nbsp;<\/p>\n","protected":false},"excerpt":{"rendered":"<p>Return to Table of Content Dana Sochorov\u00e1 is an artist from Slovakia. She was born in 1962 in Liptovsk\u00fd Mikul\u00e1\u0161.She studied at the Academy of Fine Art and Design in Bratislava, in the Departments of Painting (1991-1997) and the Graphic &hellip; <a href=\"https:\/\/vjic.org\/vjic2\/?page_id=5094\">Continue reading <span class=\"meta-nav\">&rarr;<\/span><\/a><\/p>\n","protected":false},"author":88893,"featured_media":0,"parent":0,"menu_order":0,"comment_status":"closed","ping_status":"closed","template":"","meta":{"jetpack_post_was_ever_published":false,"footnotes":""},"class_list":["post-5094","page","type-page","status-publish","hentry"],"jetpack_shortlink":"https:\/\/wp.me\/P2KsSU-1ka","jetpack_sharing_enabled":true,"_links":{"self":[{"href":"https:\/\/vjic.org\/vjic2\/index.php?rest_route=\/wp\/v2\/pages\/5094","targetHints":{"allow":["GET"]}}],"collection":[{"href":"https:\/\/vjic.org\/vjic2\/index.php?rest_route=\/wp\/v2\/pages"}],"about":[{"href":"https:\/\/vjic.org\/vjic2\/index.php?rest_route=\/wp\/v2\/types\/page"}],"author":[{"embeddable":true,"href":"https:\/\/vjic.org\/vjic2\/index.php?rest_route=\/wp\/v2\/users\/88893"}],"replies":[{"embeddable":true,"href":"https:\/\/vjic.org\/vjic2\/index.php?rest_route=%2Fwp%2Fv2%2Fcomments&post=5094"}],"version-history":[{"count":16,"href":"https:\/\/vjic.org\/vjic2\/index.php?rest_route=\/wp\/v2\/pages\/5094\/revisions"}],"predecessor-version":[{"id":5111,"href":"https:\/\/vjic.org\/vjic2\/index.php?rest_route=\/wp\/v2\/pages\/5094\/revisions\/5111"}],"wp:attachment":[{"href":"https:\/\/vjic.org\/vjic2\/index.php?rest_route=%2Fwp%2Fv2%2Fmedia&parent=5094"}],"curies":[{"name":"wp","href":"https:\/\/api.w.org\/{rel}","templated":true}]}}