{"id":3279,"date":"2014-04-20T10:44:54","date_gmt":"2014-04-20T10:44:54","guid":{"rendered":"https:\/\/vjic.org\/vjic2\/?page_id=3279"},"modified":"2014-05-29T12:14:48","modified_gmt":"2014-05-29T12:14:48","slug":"7-portfolio-michael-michlmayr","status":"publish","type":"page","link":"https:\/\/vjic.org\/vjic2\/?page_id=3279","title":{"rendered":"Portfolio: Michael Michlmayr"},"content":{"rendered":"<p><a href=\"https:\/\/vjic.org\/?page_id=1042\"><span style=\"font-size: 10px;\"><em>Return to Table of Contents<\/em><\/span><\/a><\/p>\n<p><span style=\"font-size: 10px;\"><span style=\"font-size: 10px;\"><em>Editorial note: Michael Michlmayr&#8217;s photographic work was the topic of a manuscript by Dan Duda in the 2014, Isse #7 of VJIC.\u00a0 His complete portfolio &#8220;Time Spaces&#8221;\u00a0 is presented here: <\/em><\/span><\/span><a href=\"https:\/\/vjic.org\/portfolio\/2014\/issue-7\/michael\/album\/\"><span style=\"font-size: 10px;\">Michael Michlmayr Meet Albert Einstein<\/span><span style=\"font-size: 10px;\"><span style=\"font-size: 10px;\"><em><\/em><\/span><\/span><span style=\"font-size: 10px;\"><span style=\"font-size: 10px;\"><em><\/p>\n<p><\/em><\/span><\/span><\/p>\n<h2>Time Spaces<\/h2>\n<p><\/a><br \/><div id=\"attachment_3261\" style=\"width: 650px\" class=\"wp-caption aligncenter\"><a href=\"https:\/\/vjic.org\/vjic2\/wp-content\/uploads\/2014\/01\/station2.jpg\"><img loading=\"lazy\" decoding=\"async\" aria-describedby=\"caption-attachment-3261\" src=\"https:\/\/vjic.org\/vjic2\/wp-content\/uploads\/2014\/01\/station2-1024x297.jpg\" alt=\"\u00a9 Michael Michlmayr from &quot; Timespaces: Station&quot; 2007\" class=\"size-large wp-image-3261\" height=\"185\" width=\"640\" srcset=\"https:\/\/vjic.org\/vjic2\/wp-content\/uploads\/2014\/01\/station2-1024x297.jpg 1024w, https:\/\/vjic.org\/vjic2\/wp-content\/uploads\/2014\/01\/station2-150x43.jpg 150w, https:\/\/vjic.org\/vjic2\/wp-content\/uploads\/2014\/01\/station2-300x87.jpg 300w, https:\/\/vjic.org\/vjic2\/wp-content\/uploads\/2014\/01\/station2.jpg 1200w\" sizes=\"auto, (max-width: 640px) 100vw, 640px\" \/><\/a><p id=\"caption-attachment-3261\" class=\"wp-caption-text\">\u00a9 Michael Michlmayr<br \/>from &#8221; Timespaces: Station&#8221;<br \/>2007<\/p><\/div><\/p>\n<p><strong>Statement:<\/strong> My environment, the urban space, is the base of my artistic research. I\u2019m collecting<br \/>\ntraces or instants of our acting and put them together differently in the way I perceive<br \/>\nit. In \u201cTime Spaces,\u201d space and time are transformed. Sequences of events merging into an entire units. In this way, I create a kind of stage or an illusion of time and space.<\/p>\n<p><a href=\"https:\/\/vjic.org\/portfolio\/2014\/issue-7\/michael\/album\/\">Time Spaces: Portfolio<\/a><\/p>\n<p><strong>Biography:<\/strong><\/p>\n<div id=\"attachment_3249\" style=\"width: 310px\" class=\"wp-caption alignleft\"><a href=\"https:\/\/vjic.org\/vjic2\/wp-content\/uploads\/2014\/01\/mike-frame.jpg\"><img loading=\"lazy\" decoding=\"async\" aria-describedby=\"caption-attachment-3249\" src=\"https:\/\/vjic.org\/vjic2\/wp-content\/uploads\/2014\/01\/mike-frame-300x164.jpg\" alt=\"\u00a9 Michael Michlmayr From the series &quot;View&quot; 2003\" class=\"size-medium wp-image-3249\" height=\"164\" width=\"300\" srcset=\"https:\/\/vjic.org\/vjic2\/wp-content\/uploads\/2014\/01\/mike-frame-300x164.jpg 300w, https:\/\/vjic.org\/vjic2\/wp-content\/uploads\/2014\/01\/mike-frame-150x82.jpg 150w, https:\/\/vjic.org\/vjic2\/wp-content\/uploads\/2014\/01\/mike-frame.jpg 527w\" sizes=\"auto, (max-width: 300px) 100vw, 300px\" \/><\/a><p id=\"caption-attachment-3249\" class=\"wp-caption-text\">\u00a9 Michael Michlmayr From the series &#8220;View&#8221; 2003<\/p><\/div>\n<p>1965 born in Vienna Austria. Since 2004 he is taking part in the team of the Fotogalerie Wien | Bourseries for London, Paris and Rome | lives as a freelance photographer in Vienna.<\/p>\n<p><strong><\/p>\n<p>Recent exhibitions include:<br \/><\/strong>2014 &#8220;How Long is Now&#8221; group show cur. by Petra Noll, Haus d. Fotografie, Burghausen, Germany<br \/>2014 &#8220;The RED 2&#8221; mail art project, cur. by G. Schmidt, Galerie L. H\u00e4mmerle, Bregenz, Austria<br \/>2014 \u201cF\u00fcnfundzwanzig\/Twentyfive\u201d group show at FLUSS, Wolkersdorf, Austria<br \/>2013 &#8220;How Long is Now&#8221; group show curated by Petra Noll, Fotoraum Vienna <br \/>2013 &#8220;On the Road&#8221; N\u00d6 Dokumentationszentrum f\u00fcr Moderne Kunst, St. P\u00f6lten, Austria<br \/>2013 &#8220;MAYDAYS part 3&#8221; Screening, Fridayexit, Vienna<br \/>2013 &#8220;The RED&#8221; mail art project exhibition, curated by Gue Schmidt, MAG3, Vienna<br \/>2012 &#8220;Me, Myself and Them&#8221; group show curated by Brigitte Konyen, K\u00fcnstlerhaus Wien, Vienna<br \/>2012 &#8220;The Austrian Season&#8221; group show curated by Martin Breindl, Studio Marangoni, Firenze, Italy<br \/>2012 &#8220;Fotofever Brussels&#8221; Photography &amp; Video Art Fair, Brussels, Belgium<br \/>2012 &#8220;Different Dimension&#8221; 4th International Festival of Contemp. Photography, Novosibirsk, Russia<br \/>2011 &#8220;Anniversary Exhibition&#8221; 30 Years of Fotogalerie Wien, group show, Fotogalerie Wien, Vienna<br \/>2011 &#8220;Leaving Traces&#8221; curated by A. Dworak und W. Berger, Bezirksmuseum Meidling, Vienna<br \/>2011 &#8220;Frozen Time&#8221; group show, Fotogalerie Wien, Vienna<\/p>\n<div id=\"attachment_3336\" style=\"width: 536px\" class=\"wp-caption aligncenter\"><a href=\"https:\/\/vjic.org\/vjic2\/wp-content\/uploads\/2014\/04\/mike-image.jpg\"><img loading=\"lazy\" decoding=\"async\" aria-describedby=\"caption-attachment-3336\" src=\"https:\/\/vjic.org\/vjic2\/wp-content\/uploads\/2014\/04\/mike-image.jpg\" alt=\"Michael Michlmayr \" class=\"wp-image-3336 \" height=\"362\" width=\"526\" srcset=\"https:\/\/vjic.org\/vjic2\/wp-content\/uploads\/2014\/04\/mike-image.jpg 1024w, https:\/\/vjic.org\/vjic2\/wp-content\/uploads\/2014\/04\/mike-image-150x103.jpg 150w, https:\/\/vjic.org\/vjic2\/wp-content\/uploads\/2014\/04\/mike-image-300x206.jpg 300w\" sizes=\"auto, (max-width: 526px) 100vw, 526px\" \/><\/a><p id=\"caption-attachment-3336\" class=\"wp-caption-text\">\u00a9 Michael Michlmayr<\/p><\/div>\n","protected":false},"excerpt":{"rendered":"<p>Return to Table of Contents Editorial note: Michael Michlmayr&#8217;s photographic work was the topic of a manuscript by Dan Duda in the 2014, Isse #7 of VJIC.\u00a0 His complete portfolio &#8220;Time Spaces&#8221;\u00a0 is presented here: Michael Michlmayr Meet Albert Einstein &hellip; <a href=\"https:\/\/vjic.org\/vjic2\/?page_id=3279\">Continue reading <span class=\"meta-nav\">&rarr;<\/span><\/a><\/p>\n","protected":false},"author":88893,"featured_media":0,"parent":0,"menu_order":0,"comment_status":"open","ping_status":"closed","template":"","meta":{"jetpack_post_was_ever_published":false,"footnotes":""},"class_list":["post-3279","page","type-page","status-publish","hentry"],"jetpack_shortlink":"https:\/\/wp.me\/P2KsSU-QT","jetpack_sharing_enabled":true,"_links":{"self":[{"href":"https:\/\/vjic.org\/vjic2\/index.php?rest_route=\/wp\/v2\/pages\/3279","targetHints":{"allow":["GET"]}}],"collection":[{"href":"https:\/\/vjic.org\/vjic2\/index.php?rest_route=\/wp\/v2\/pages"}],"about":[{"href":"https:\/\/vjic.org\/vjic2\/index.php?rest_route=\/wp\/v2\/types\/page"}],"author":[{"embeddable":true,"href":"https:\/\/vjic.org\/vjic2\/index.php?rest_route=\/wp\/v2\/users\/88893"}],"replies":[{"embeddable":true,"href":"https:\/\/vjic.org\/vjic2\/index.php?rest_route=%2Fwp%2Fv2%2Fcomments&post=3279"}],"version-history":[{"count":23,"href":"https:\/\/vjic.org\/vjic2\/index.php?rest_route=\/wp\/v2\/pages\/3279\/revisions"}],"predecessor-version":[{"id":3341,"href":"https:\/\/vjic.org\/vjic2\/index.php?rest_route=\/wp\/v2\/pages\/3279\/revisions\/3341"}],"wp:attachment":[{"href":"https:\/\/vjic.org\/vjic2\/index.php?rest_route=%2Fwp%2Fv2%2Fmedia&parent=3279"}],"curies":[{"name":"wp","href":"https:\/\/api.w.org\/{rel}","templated":true}]}}